{"id":45,"date":"2018-07-18T16:37:48","date_gmt":"2018-07-18T16:37:48","guid":{"rendered":"http:\/\/www.elultimo.cl\/web\/?page_id=45"},"modified":"2023-05-04T19:28:21","modified_gmt":"2023-05-04T19:28:21","slug":"equipo","status":"publish","type":"page","link":"http:\/\/www.elultimo.cl\/web\/equipo\/","title":{"rendered":"EQUIPO"},"content":{"rendered":"<p>[et_pb_section fb_built=&#8221;1&#8243; _builder_version=&#8221;4.16&#8243; background_color=&#8221;#191919&#8243; custom_padding=&#8221;0|0px|0|0px|false|false&#8221; global_colors_info=&#8221;{}&#8221;][et_pb_row column_structure=&#8221;1_2,1_2&#8243; _builder_version=&#8221;4.16&#8243; background_color=&#8221;#191919&#8243; custom_padding=&#8221;27px|0px|0|0px|false|false&#8221; global_colors_info=&#8221;{}&#8221;][et_pb_column type=&#8221;1_2&#8243; _builder_version=&#8221;4.16&#8243; custom_padding=&#8221;|||&#8221; global_colors_info=&#8221;{}&#8221; custom_padding__hover=&#8221;|||&#8221;][et_pb_text _builder_version=&#8221;4.21.0&#8243; custom_padding=&#8221;5px|||||&#8221; global_colors_info=&#8221;{}&#8221;]<\/p>\n<p style=\"text-align: right;\"><span style=\"font-weight: 400;\"><strong>Direcci\u00f3n y Producci\u00f3n:<\/strong><\/span><\/p>\n<p style=\"text-align: right;\"><span style=\"font-weight: 400;\">\u00a0Benjam\u00edn Marambio <\/span><\/p>\n<p style=\"text-align: right;\"><span style=\"font-weight: 400;\"><strong>Gui\u00f3n:<\/strong> <\/span><\/p>\n<p style=\"text-align: right;\"><span style=\"font-weight: 400;\">Benjam\u00edn Marambio<\/span><\/p>\n<p style=\"text-align: right;\"><span style=\"font-weight: 400;\">Lucas M\u00e1rquez<\/span><\/p>\n<p style=\"text-align: right;\"><span style=\"font-weight: 400;\"><strong>Producci\u00f3n General:<\/strong> <\/span><\/p>\n<p style=\"text-align: right;\"><span style=\"font-weight: 400;\">Paula Maldonado<\/span><\/p>\n<p style=\"text-align: right;\"><span style=\"font-weight: 400;\"><strong>Supervisi\u00f3n de Animaci\u00f3n y Rigg:<\/strong> <\/span><\/p>\n<p style=\"text-align: right;\"><span style=\"font-weight: 400;\">Andrei Delgado<\/span><\/p>\n<p style=\"text-align: right;\"><span style=\"font-weight: 400;\"><strong>M\u00fasica:<\/strong> <\/span><\/p>\n<p style=\"text-align: right;\"><span style=\"font-weight: 400;\">Paulo Gallo<\/span><\/p>\n<p style=\"text-align: right;\"><span style=\"font-weight: 400;\"><strong>Dise\u00f1o de sonido:<\/strong> <\/span><\/p>\n<p style=\"text-align: right;\"><span style=\"font-weight: 400;\">Cristi\u00e1n Cosgrove<\/span><\/p>\n<p style=\"text-align: right;\"><strong>Modelado Personajes<\/strong>:<\/p>\n<p style=\"text-align: right;\">Iv\u00e1n Maturana<\/p>\n<p style=\"text-align: right;\"><strong>Modelado Sets:<\/strong><\/p>\n<p style=\"text-align: right;\">Rodrigo Zamorano<\/p>\n<p style=\"text-align: right;\"><span style=\"font-weight: 400;\">Sergio Lecaros<\/span><\/p>\n<p style=\"text-align: right;\"><span style=\"font-weight: 400;\">Alejandra Miranda<\/span><\/p>\n<p style=\"text-align: right;\"><b>Render: <\/b><\/p>\n<p style=\"text-align: right;\">Julio Illanes<\/p>\n<p style=\"text-align: right;\">Carlos Puccio<\/p>\n<p style=\"text-align: right;\"><strong>Layout:\u00a0<\/strong><\/p>\n<p style=\"text-align: right;\">Andrei Delgado<\/p>\n<p style=\"text-align: right;\"><b>Look and Dev: <\/b><\/p>\n<p style=\"text-align: right;\">Cristi\u00e1n de Iruarrizaga<\/p>\n<p style=\"text-align: right;\"><b>Storyboard: <\/b><\/p>\n<p style=\"text-align: right;\">Lucas M\u00e1rquez<\/p>\n<p style=\"text-align: right;\">Alberto Lemus<\/p>\n<p style=\"text-align: right;\">Benjam\u00edn Marambio<\/p>\n<p style=\"text-align: right;\"><strong>\u00a0<\/strong><\/p>\n<p>&nbsp;<\/p>\n<p>[\/et_pb_text][\/et_pb_column][et_pb_column type=&#8221;1_2&#8243; _builder_version=&#8221;4.16&#8243; custom_padding=&#8221;|||&#8221; global_colors_info=&#8221;{}&#8221; custom_padding__hover=&#8221;|||&#8221;][et_pb_text _builder_version=&#8221;4.16&#8243; global_colors_info=&#8221;{}&#8221;]<\/p>\n<p><strong>Animaci\u00f3n 3D: <\/strong><\/p>\n<p><span style=\"font-weight: 400;\">Lucas M\u00e1rquez\u00a0<\/span><\/p>\n<p><span style=\"font-weight: 400;\">Diego Oliva<\/span><\/p>\n<p><span style=\"font-weight: 400;\">Maikoe Alaniz<\/span><\/p>\n<p><span style=\"font-weight: 400;\">Yibril Kahel<\/span><\/p>\n<p><span style=\"font-weight: 400;\">Hern\u00e1n Encina<\/span><\/p>\n<p><span style=\"font-weight: 400;\">Jersson Velasco<\/span><\/p>\n<p><strong>Animaci\u00f3n 2D:<\/strong><span style=\"font-weight: 400;\"><\/span><\/p>\n<p><span style=\"font-weight: 400;\">Catalina Valderrama<\/span><\/p>\n<p><span style=\"font-weight: 400;\">Justinne C\u00e1rdenas<\/span><\/p>\n<p><span style=\"font-weight: 400;\">Scarlett Cardenas<\/span><\/p>\n<p style=\"text-align: left;\"><b>Arte:<\/b><\/p>\n<p style=\"text-align: left;\">Alberto Lemus &#8211; Alejandra Miranda &#8211; Alejandra Carrasco<\/p>\n<p style=\"text-align: left;\"><b>Props, modelos y arte adicionales:<\/b><\/p>\n<p><span style=\"font-weight: 400;\">Claudio Saavedra &#8211; <\/span><span style=\"font-weight: 400;\">Javier Sanhueza<\/span><\/p>\n<p><span style=\"font-weight: 400;\">Catalina Garc\u00eda &#8211; <\/span><span style=\"font-weight: 400;\">Stephanie Campos<\/span><\/p>\n<p><span style=\"font-weight: 400;\">Jorge Quinteros &#8211; <\/span><span style=\"font-weight: 400;\">Vanessa Mattos\u00a0<\/span><\/p>\n<p><span style=\"font-weight: 400;\">Jason Ram\u00edrez &#8211; <\/span><span style=\"font-weight: 400;\">Mat\u00edas Rojas<\/span><\/p>\n<p><span style=\"font-weight: 400;\">Felipe Castillo &#8211; <\/span><span style=\"font-weight: 400;\">Joaqu\u00edn Sahonero<\/span><\/p>\n<p><span style=\"font-weight: 400;\">Carlos Sierra &#8211; <\/span><span style=\"font-weight: 400;\">Javier Alvarez<\/span><\/p>\n<p><span style=\"font-weight: 400;\">Alexis Carvacho<\/span><\/p>\n<p style=\"text-align: left;\"><strong>Asesor\u00eda Producci\u00f3n Ejecutiva:<\/strong><\/p>\n<p style=\"text-align: left;\">Macarena Fern\u00e1ndez &#8211; Carolina Z\u00fa\u00f1iga<\/p>\n<p style=\"text-align: left;\">\n<p style=\"text-align: left;\"><b>Agradecimientos<\/b><b><\/b><\/p>\n<p><span style=\"font-weight: 400;\">A nuestras familias, <\/span><\/p>\n<p><span style=\"font-weight: 400;\">especialmente a Benjam\u00edn Marambio Vial y Francisco Marambio Vial.<\/span><b><\/b><\/p>\n<p><span style=\"font-weight: 400;\">Francisco Fern\u00e1ndez\u00a0 &#8211; Carlos Puccio &#8211; <\/span><span style=\"font-size: 14px;\">Isabel Mardones <\/span><\/p>\n<p><span style=\"font-size: 14px;\">Pablo Infante &#8211; <\/span><span style=\"font-size: 14px;\">Luciano Mu\u00f1oz &#8211; Daniel Opazo<\/span><\/p>\n<p><span style=\"font-weight: 400;\">Sebasti\u00e1n Z\u00fa\u00f1iga &#8211; Pamela Fontecilla &#8211; <\/span><span style=\"font-size: 14px;\">Maricruz Alarc\u00f3n <\/span><\/p>\n<p><span style=\"font-size: 14px;\">Yagan Films &#8211; <\/span><span style=\"font-size: 14px;\">Universidad Gabriela Mistral &#8211; <\/span><span style=\"font-size: 14px;\">Programa Escuela al cine<\/span><\/p>\n<p>[\/et_pb_text][\/et_pb_column][\/et_pb_row][\/et_pb_section][et_pb_section fb_built=&#8221;1&#8243; fullwidth=&#8221;on&#8221; _builder_version=&#8221;4.16&#8243; custom_padding=&#8221;0|0px|0|0px|false|false&#8221; global_colors_info=&#8221;{}&#8221;][et_pb_fullwidth_image src=&#8221;http:\/\/www.elultimo.cl\/web\/wp-content\/uploads\/2018\/07\/personajes-web-ok.jpg&#8221; _builder_version=&#8221;4.16&#8243; global_colors_info=&#8221;{}&#8221;][\/et_pb_fullwidth_image][\/et_pb_section]<\/p>\n","protected":false},"excerpt":{"rendered":"<p>Direcci\u00f3n y Producci\u00f3n: \u00a0Benjam\u00edn Marambio Gui\u00f3n: Benjam\u00edn Marambio Lucas M\u00e1rquez Producci\u00f3n General: Paula Maldonado Supervisi\u00f3n de Animaci\u00f3n y Rigg: Andrei Delgado M\u00fasica: Paulo Gallo Dise\u00f1o de sonido: Cristi\u00e1n Cosgrove Modelado Personajes: Iv\u00e1n Maturana Modelado Sets: Rodrigo Zamorano Sergio Lecaros Alejandra Miranda Render: Julio Illanes Carlos Puccio Layout:\u00a0 Andrei Delgado Look and Dev: Cristi\u00e1n de Iruarrizaga [&hellip;]<\/p>\n","protected":false},"author":1,"featured_media":0,"parent":0,"menu_order":0,"comment_status":"closed","ping_status":"closed","template":"","meta":{"nf_dc_page":"","_et_pb_use_builder":"on","_et_pb_old_content":"","_et_gb_content_width":"","om_disable_all_campaigns":false,"_monsterinsights_skip_tracking":false,"_monsterinsights_sitenote_active":false,"_monsterinsights_sitenote_note":"","_monsterinsights_sitenote_category":0,"footnotes":""},"class_list":["post-45","page","type-page","status-publish","hentry"],"jetpack_sharing_enabled":true,"_links":{"self":[{"href":"http:\/\/www.elultimo.cl\/web\/wp-json\/wp\/v2\/pages\/45","targetHints":{"allow":["GET"]}}],"collection":[{"href":"http:\/\/www.elultimo.cl\/web\/wp-json\/wp\/v2\/pages"}],"about":[{"href":"http:\/\/www.elultimo.cl\/web\/wp-json\/wp\/v2\/types\/page"}],"author":[{"embeddable":true,"href":"http:\/\/www.elultimo.cl\/web\/wp-json\/wp\/v2\/users\/1"}],"replies":[{"embeddable":true,"href":"http:\/\/www.elultimo.cl\/web\/wp-json\/wp\/v2\/comments?post=45"}],"version-history":[{"count":4,"href":"http:\/\/www.elultimo.cl\/web\/wp-json\/wp\/v2\/pages\/45\/revisions"}],"predecessor-version":[{"id":329,"href":"http:\/\/www.elultimo.cl\/web\/wp-json\/wp\/v2\/pages\/45\/revisions\/329"}],"wp:attachment":[{"href":"http:\/\/www.elultimo.cl\/web\/wp-json\/wp\/v2\/media?parent=45"}],"curies":[{"name":"wp","href":"https:\/\/api.w.org\/{rel}","templated":true}]}}