{"id":43,"date":"2018-07-18T16:36:59","date_gmt":"2018-07-18T16:36:59","guid":{"rendered":"http:\/\/www.elultimo.cl\/web\/?page_id=43"},"modified":"2018-07-19T05:22:27","modified_gmt":"2018-07-19T05:22:27","slug":"arte","status":"publish","type":"page","link":"http:\/\/www.elultimo.cl\/web\/arte\/","title":{"rendered":"ARTE"},"content":{"rendered":"<p>[et_pb_section fb_built=&#8221;1&#8243; fullwidth=&#8221;on&#8221; _builder_version=&#8221;3.9&#8243; background_color=&#8221;#191919&#8243; custom_padding=&#8221;0|0px|0|0px|false|false&#8221;][et_pb_fullwidth_image src=&#8221;http:\/\/www.elultimo.cl\/web\/wp-content\/uploads\/2018\/07\/elultimo_homeImg_002-1.jpg&#8221; _builder_version=&#8221;3.9&#8243;][\/et_pb_fullwidth_image][\/et_pb_section][et_pb_section fb_built=&#8221;1&#8243; _builder_version=&#8221;3.9&#8243; background_color=&#8221;#191919&#8243; custom_padding=&#8221;3px|0px|5px|0px|false|false&#8221;][et_pb_row custom_padding=&#8221;16px|0px|0|0px|false|false&#8221; _builder_version=&#8221;3.9&#8243;][et_pb_column type=&#8221;4_4&#8243; _builder_version=&#8221;3.9&#8243; parallax=&#8221;off&#8221; parallax_method=&#8221;on&#8221;][et_pb_text _builder_version=&#8221;3.9&#8243;]<\/p>\n<p><i><span style=\"font-weight: 400;\">\u201cEl \u00daltimo\u201d, es un cortometraje que transcurre en el a\u00f1o 2056. En un lujoso hotel, el anciano portero que ha forjado su imagen social en relaci\u00f3n al elegante traje que viste, es reemplazado inesperadamente por un eficiente robot, perdiendo su trabajo y el estatus que le daba su vestimenta. La historia, al igual que en el cine mudo, es sin di\u00e1logos, pero tambi\u00e9n sin vi\u00f1etas, por lo que se sustenta en la corporalidad e interacci\u00f3n del protagonista con la sociedad. <\/span><\/i><span style=\"font-weight: 400;\"><br \/><\/span><span style=\"font-weight: 400;\"><br \/><\/span><b><\/b><\/p>\n<p>[\/et_pb_text][\/et_pb_column][\/et_pb_row][\/et_pb_section][et_pb_section fb_built=&#8221;1&#8243; _builder_version=&#8221;3.9&#8243; background_color=&#8221;#191919&#8243; custom_padding=&#8221;0|0px|0|0px|false|false&#8221;][et_pb_row custom_padding=&#8221;0|0px|0|0px|false|false&#8221; _builder_version=&#8221;3.9&#8243;][et_pb_column type=&#8221;4_4&#8243; _builder_version=&#8221;3.9&#8243; parallax=&#8221;off&#8221; parallax_method=&#8221;on&#8221;][et_pb_text _builder_version=&#8221;3.9&#8243;][\/et_pb_text][et_pb_image src=&#8221;http:\/\/www.elultimo.cl\/web\/wp-content\/uploads\/2018\/07\/ciudad.jpg&#8221; _builder_version=&#8221;3.9&#8243;][\/et_pb_image][\/et_pb_column][\/et_pb_row][et_pb_row custom_padding=&#8221;6px|0px|27px|0px|false|false&#8221; _builder_version=&#8221;3.9&#8243;][et_pb_column type=&#8221;4_4&#8243; _builder_version=&#8221;3.9&#8243; parallax=&#8221;off&#8221; parallax_method=&#8221;on&#8221;][et_pb_text _builder_version=&#8221;3.9&#8243; inline_fonts=&#8221;Overpass&#8221;]<\/p>\n<p><span style=\"font-family: Overpass;\"><b>ESTILO VISUAL Y COLOR<\/b><\/span><\/p>\n<p><span style=\"font-family: Overpass;\">El color script (en el libro de arte) toma en cuenta la tecnolog\u00eda, la iluminaci\u00f3n y la arquitectura de la ciudad futura, tomando referencias de pel\u00edculas de ciencia ficci\u00f3n como Metr\u00f3polis (1927) y Blade Runner (1982).\u00a0<\/span><\/p>\n<p>[\/et_pb_text][\/et_pb_column][\/et_pb_row][\/et_pb_section][et_pb_section fb_built=&#8221;1&#8243; _builder_version=&#8221;3.9&#8243; background_color=&#8221;#191919&#8243; custom_padding=&#8221;0|0px|0|0px|false|false&#8221;][et_pb_row custom_padding=&#8221;0|0px|11px|0px|false|false&#8221; _builder_version=&#8221;3.9&#8243;][et_pb_column type=&#8221;4_4&#8243; _builder_version=&#8221;3.9&#8243; parallax=&#8221;off&#8221; parallax_method=&#8221;on&#8221;][et_pb_text _builder_version=&#8221;3.9&#8243;]<\/p>\n<p><span>Los ambientes de esta historia muestran dos caras opuestas de la sociedad. Los suburbios, donde vive el protagonista, son oscuros, de colores desaturados, predomina el gris del concreto, y casi nula vegetaci\u00f3n. En cambio, en el entorno del hotel hay luz y coloridos jardines.<\/span><\/p>\n<p>[\/et_pb_text][\/et_pb_column][\/et_pb_row][et_pb_row custom_padding=&#8221;0|0px|26px|0px|false|false&#8221; _builder_version=&#8221;3.9&#8243;][et_pb_column type=&#8221;1_2&#8243; _builder_version=&#8221;3.9&#8243; parallax=&#8221;off&#8221; parallax_method=&#8221;on&#8221;][et_pb_image src=&#8221;http:\/\/www.elultimo.cl\/web\/wp-content\/uploads\/2018\/07\/barrio.png&#8221; _builder_version=&#8221;3.9&#8243;][\/et_pb_image][\/et_pb_column][et_pb_column type=&#8221;1_2&#8243; _builder_version=&#8221;3.9&#8243; parallax=&#8221;off&#8221; parallax_method=&#8221;on&#8221;][et_pb_image src=&#8221;http:\/\/www.elultimo.cl\/web\/wp-content\/uploads\/2018\/07\/vista-hotel-web.jpg&#8221; _builder_version=&#8221;3.9&#8243;][\/et_pb_image][\/et_pb_column][\/et_pb_row][et_pb_row custom_padding=&#8221;0|0px|27px|0px|false|false&#8221; _builder_version=&#8221;3.9&#8243;][et_pb_column type=&#8221;4_4&#8243; _builder_version=&#8221;3.9&#8243; parallax=&#8221;off&#8221; parallax_method=&#8221;on&#8221;][et_pb_text _builder_version=&#8221;3.9&#8243;]<\/p>\n<p><span>Adem\u00e1s, se exageran los rasgos m\u00e1s expresivos de cada personaje (cara y cuerpo), como los cambios an\u00edmicos del personaje principal, que cuando pierde su atuendo se comienza a encorvar y contrasta con el jefe y el robot, siempre erguidos y r\u00edgidos.\u00a0El traje del protagonista es central, ya que su llamativo y elegante color rojo y textura aterciopelada rompe el esquema visual del gris lugar donde habita, pero al mismo tiempo se camufla en el lugar donde trabaja, casi formando parte del mobiliario.\u00a0<\/span><\/p>\n<p>[\/et_pb_text][\/et_pb_column][\/et_pb_row][et_pb_row custom_padding=&#8221;0|0px|35px|0px|false|false&#8221; _builder_version=&#8221;3.9&#8243;][et_pb_column type=&#8221;1_4&#8243; _builder_version=&#8221;3.9&#8243; parallax=&#8221;off&#8221; parallax_method=&#8221;on&#8221;][et_pb_text _builder_version=&#8221;3.9&#8243;]<\/p>\n<p>&nbsp;<\/p>\n<p><span>\u00a0<\/span><\/p>\n<p>[\/et_pb_text][\/et_pb_column][et_pb_column type=&#8221;1_2&#8243; _builder_version=&#8221;3.9&#8243; parallax=&#8221;off&#8221; parallax_method=&#8221;on&#8221;][et_pb_image src=&#8221;http:\/\/www.elultimo.cl\/web\/wp-content\/uploads\/2018\/07\/traje-web.jpg&#8221; _builder_version=&#8221;3.9&#8243;][\/et_pb_image][et_pb_image src=&#8221;http:\/\/www.elultimo.cl\/web\/wp-content\/uploads\/2018\/07\/ultimo-poses.png&#8221; _builder_version=&#8221;3.9&#8243; custom_margin=&#8221;0px|||&#8221;][\/et_pb_image][\/et_pb_column][et_pb_column type=&#8221;1_4&#8243; _builder_version=&#8221;3.9&#8243; parallax=&#8221;off&#8221; parallax_method=&#8221;on&#8221;][\/et_pb_column][\/et_pb_row][et_pb_row custom_padding=&#8221;27px|0px|0|0|false|false&#8221; _builder_version=&#8221;3.9&#8243;][et_pb_column type=&#8221;4_4&#8243; _builder_version=&#8221;3.9&#8243; parallax=&#8221;off&#8221; parallax_method=&#8221;on&#8221;][et_pb_text _builder_version=&#8221;3.9&#8243; inline_fonts=&#8221;Overpass&#8221;]<\/p>\n<p><strong>PERSONAJES HUMANOS<\/strong><\/p>\n<p>[\/et_pb_text][\/et_pb_column][\/et_pb_row][et_pb_row custom_padding=&#8221;6px|0px|34px|0px|false|false&#8221; _builder_version=&#8221;3.9&#8243;][et_pb_column type=&#8221;4_4&#8243; _builder_version=&#8221;3.9&#8243; parallax=&#8221;off&#8221; parallax_method=&#8221;on&#8221;][et_pb_image src=&#8221;http:\/\/www.elultimo.cl\/web\/wp-content\/uploads\/2018\/07\/personajes-humanos-web.jpg&#8221; _builder_version=&#8221;3.9&#8243;][\/et_pb_image][\/et_pb_column][\/et_pb_row][et_pb_row custom_padding=&#8221;0|0px|27px|0|false|false&#8221; _builder_version=&#8221;3.9&#8243;][et_pb_column type=&#8221;4_4&#8243; _builder_version=&#8221;3.9&#8243; parallax=&#8221;off&#8221; parallax_method=&#8221;on&#8221;][et_pb_text _builder_version=&#8221;3.9&#8243;]<\/p>\n<p><strong>PERSONAJES ROBOTS<\/strong><\/p>\n<p>[\/et_pb_text][et_pb_image src=&#8221;http:\/\/www.elultimo.cl\/web\/wp-content\/uploads\/2018\/07\/personajes-robots-web.jpg&#8221; _builder_version=&#8221;3.9&#8243;][\/et_pb_image][\/et_pb_column][\/et_pb_row][et_pb_row custom_padding=&#8221;27px|0px|0|4px|false|false&#8221; _builder_version=&#8221;3.9&#8243;][et_pb_column type=&#8221;4_4&#8243; _builder_version=&#8221;3.9&#8243; parallax=&#8221;off&#8221; parallax_method=&#8221;on&#8221;][et_pb_text _builder_version=&#8221;3.9&#8243;][\/et_pb_text][\/et_pb_column][\/et_pb_row][et_pb_row _builder_version=&#8221;3.9&#8243;][et_pb_column type=&#8221;4_4&#8243; _builder_version=&#8221;3.9&#8243; parallax=&#8221;off&#8221; parallax_method=&#8221;on&#8221;][et_pb_text _builder_version=&#8221;3.9&#8243;]<\/p>\n<p><span> <\/span><\/p>\n<p><span><\/span><\/p>\n<p>[\/et_pb_text][\/et_pb_column][\/et_pb_row][\/et_pb_section]<\/p>\n","protected":false},"excerpt":{"rendered":"<p>\u201cEl \u00daltimo\u201d, es un cortometraje que transcurre en el a\u00f1o 2056. En un lujoso hotel, el anciano portero que ha forjado su imagen social en relaci\u00f3n al elegante traje que viste, es reemplazado inesperadamente por un eficiente robot, perdiendo su trabajo y el estatus que le daba su vestimenta. La historia, al igual que en [&hellip;]<\/p>\n","protected":false},"author":1,"featured_media":0,"parent":0,"menu_order":0,"comment_status":"closed","ping_status":"closed","template":"","meta":{"nf_dc_page":"","_et_pb_use_builder":"on","_et_pb_old_content":"","_et_gb_content_width":"","om_disable_all_campaigns":false,"_monsterinsights_skip_tracking":false,"_monsterinsights_sitenote_active":false,"_monsterinsights_sitenote_note":"","_monsterinsights_sitenote_category":0,"footnotes":""},"class_list":["post-43","page","type-page","status-publish","hentry"],"jetpack_sharing_enabled":true,"_links":{"self":[{"href":"http:\/\/www.elultimo.cl\/web\/wp-json\/wp\/v2\/pages\/43","targetHints":{"allow":["GET"]}}],"collection":[{"href":"http:\/\/www.elultimo.cl\/web\/wp-json\/wp\/v2\/pages"}],"about":[{"href":"http:\/\/www.elultimo.cl\/web\/wp-json\/wp\/v2\/types\/page"}],"author":[{"embeddable":true,"href":"http:\/\/www.elultimo.cl\/web\/wp-json\/wp\/v2\/users\/1"}],"replies":[{"embeddable":true,"href":"http:\/\/www.elultimo.cl\/web\/wp-json\/wp\/v2\/comments?post=43"}],"version-history":[{"count":5,"href":"http:\/\/www.elultimo.cl\/web\/wp-json\/wp\/v2\/pages\/43\/revisions"}],"predecessor-version":[{"id":279,"href":"http:\/\/www.elultimo.cl\/web\/wp-json\/wp\/v2\/pages\/43\/revisions\/279"}],"wp:attachment":[{"href":"http:\/\/www.elultimo.cl\/web\/wp-json\/wp\/v2\/media?parent=43"}],"curies":[{"name":"wp","href":"https:\/\/api.w.org\/{rel}","templated":true}]}}