{"id":41,"date":"2018-07-18T16:35:17","date_gmt":"2018-07-18T16:35:17","guid":{"rendered":"http:\/\/www.elultimo.cl\/web\/?page_id=41"},"modified":"2023-05-04T19:25:00","modified_gmt":"2023-05-04T19:25:00","slug":"director-statement","status":"publish","type":"page","link":"http:\/\/www.elultimo.cl\/web\/director-statement\/","title":{"rendered":"MOTIVACI\u00d3N"},"content":{"rendered":"<p>[et_pb_section fb_built=&#8221;1&#8243; fullwidth=&#8221;on&#8221; _builder_version=&#8221;4.16&#8243; custom_padding=&#8221;0px|0px|0|0px|false|false&#8221; global_colors_info=&#8221;{}&#8221;][et_pb_fullwidth_image src=&#8221;http:\/\/www.elultimo.cl\/web\/wp-content\/uploads\/2018\/07\/antes-y-despues.jpg&#8221; _builder_version=&#8221;4.16&#8243; global_colors_info=&#8221;{}&#8221;][\/et_pb_fullwidth_image][\/et_pb_section][et_pb_section fb_built=&#8221;1&#8243; _builder_version=&#8221;4.16&#8243; background_color=&#8221;#191919&#8243; custom_padding=&#8221;16px|0px|0|0px|false|false&#8221; global_colors_info=&#8221;{}&#8221;][et_pb_row _builder_version=&#8221;4.16&#8243; background_color=&#8221;#191919&#8243; custom_padding=&#8221;10px|0px|27px|0px|false|false&#8221; global_colors_info=&#8221;{}&#8221; column_structure=&#8221;1_2,1_2&#8243;][et_pb_column type=&#8221;1_2&#8243; _builder_version=&#8221;4.16&#8243; custom_padding=&#8221;|||&#8221; global_colors_info=&#8221;{}&#8221; custom_padding__hover=&#8221;|||&#8221;][et_pb_text _builder_version=&#8221;4.16&#8243; inline_fonts=&#8221;Overpass&#8221; global_colors_info=&#8221;{}&#8221;]<\/p>\n<p><span style=\"font-weight: normal; font-family: Overpass; color: #e8e8e8;\"><b>MOTIVACI\u00d3N DEL DIRECTOR Y RELEVANCIA DE LA TEM\u00c1TICA<\/b><\/span><\/p>\n<p><span style=\"font-weight: 400;\">\u00bfC\u00f3mo caminar\u00eda una persona si no tuviera puesto su traje o su ropa en un mundo que vive desde la apariencia? El cortometraje <\/span><b><i>El \u00daltimo <\/i><\/b><span style=\"font-weight: 400;\">se inspira en un taller sobre caminatas en animaci\u00f3n (\u201cCharacter Animation workshop\u201d) realizado por Florent de la Taille en el Festival ChileMonos en 2013 en Santiago. All\u00ed, mientras escuchaba la conferencia, se me aparece el recuerdo de una de mis pel\u00edculas favoritas, el film expresionista alem\u00e1n, <\/span><i><span style=\"font-weight: 400;\">The Last Laugh<\/span><\/i><span style=\"font-weight: 400;\"> by F.W. Murnau (1924). En \u00e9l vemos como el personaje principal, al perder su traje, al igual que un superh\u00e9roe o un rey, tambi\u00e9n pierde su identidad y su sentido de vivir. Con esta inspiraci\u00f3n en mente, la idea del proyecto empez\u00f3 a tomar forma, tomando tambi\u00e9n referencias de Fritz Lang (Metr\u00f3polis), Ridley Scott (Blade Runner) y Brad Bird (Los Incre\u00edbles). Desde ah\u00ed la idea de la pel\u00edcula comenz\u00f3 a tomar forma. El reto era llevar el tema y la metamorfosis de la interpretaci\u00f3n del personaje (en este caso un botonero, pero podr\u00eda ser un guardia, un camarero, un conductor de autob\u00fas o cualquier persona con uniforme) a una pel\u00edcula de animaci\u00f3n en 3D ambientada en un futuro cercano en el que conviven humanos y robots en una ciudad en crecimiento como Santiago de Chile. <\/span><\/p>\n<p>&nbsp;<\/p>\n<p>&nbsp;<\/p>\n<p>[\/et_pb_text][\/et_pb_column][et_pb_column type=&#8221;1_2&#8243; _builder_version=&#8221;4.16&#8243; custom_padding=&#8221;|||&#8221; global_colors_info=&#8221;{}&#8221; custom_padding__hover=&#8221;|||&#8221;][et_pb_text _builder_version=&#8221;4.16&#8243; global_colors_info=&#8221;{}&#8221;]<\/p>\n<p><span style=\"font-weight: 400;\"><\/span><\/p>\n<p><span style=\"font-weight: 400;\">La realizaci\u00f3n de esta historia ha implicado un desaf\u00edo creativo y t\u00e9cnico. Primero el desaf\u00edo de realizar esta historia radica en\u00a0 poner en marcha su narrativa argumental. La ciencia ficci\u00f3n como g\u00e9nero permite contar historias que se proyectan al futuro pero que nos hablan de contenidos actuales con tem\u00e1ticas transversales, aptas para todo p\u00fablico. Esta pel\u00edcula est\u00e1 pensada para ser reflexionada por una audiencia amplia, no hay buenos ni malos, sino una sociedad que avanza a merced de la tecnolog\u00eda. Nos propusimos cuestionarnos sobre temas universales con personajes de todas las edades, donde distintos grupos de la sociedad se pudieran sentir representados.<\/span><\/p>\n<p><span style=\"color: #cecece; font-family: Overpass;\"><span style=\"font-weight: 400;\">Las\u00a0motivaciones para realizar esta particular historia se relacionan con las preguntas claves de la literatura y el cine de ciencia ficci\u00f3n: los robots, la inteligencia artificial y su relaci\u00f3n con los seres humanos. <b>\u00bfLlegaremos las personas a estar a merced de las m\u00e1quinas?, \u00bfc\u00f3mo enfrentaremos esta relaci\u00f3n que es cada vez m\u00e1s com\u00fan y que evoluciona r\u00e1pidamente?<\/b> La inteligencia artificial que reemplaza al ser humano ya no es s\u00f3lo una imagen ut\u00f3pica sino que ya forma parte de nuestra cotidianidad. Producir esta pel\u00edcula en un formato de animaci\u00f3n 3D nos ha motivado como equipo a imaginar y crear cada detalle para realizar esta obra, lo cual se ve reflejado desde el storyboard, los movimientos de c\u00e1mara, las atm\u00f3sferas planteadas, los colores y las texturas de los personajes pensando en la mejor forma de resolver estas preguntas. De esta forma, a trav\u00e9s de su visualidad y sonoridad, <b><i>El \u00daltimo<\/i><\/b> nos hace cuestionarnos sobre qu\u00e9 sociedad estamos construyendo hoy, y c\u00f3mo conviviremos con la tecnolog\u00eda en el futuro.<\/span><\/span><\/p>\n<p>[\/et_pb_text][\/et_pb_column][\/et_pb_row][\/et_pb_section]<\/p>\n","protected":false},"excerpt":{"rendered":"<p>MOTIVACI\u00d3N DEL DIRECTOR Y RELEVANCIA DE LA TEM\u00c1TICA \u00bfC\u00f3mo caminar\u00eda una persona si no tuviera puesto su traje o su ropa en un mundo que vive desde la apariencia? El cortometraje El \u00daltimo se inspira en un taller sobre caminatas en animaci\u00f3n (\u201cCharacter Animation workshop\u201d) realizado por Florent de la Taille en el Festival ChileMonos [&hellip;]<\/p>\n","protected":false},"author":1,"featured_media":0,"parent":0,"menu_order":0,"comment_status":"closed","ping_status":"closed","template":"","meta":{"nf_dc_page":"","_et_pb_use_builder":"on","_et_pb_old_content":"","_et_gb_content_width":"","om_disable_all_campaigns":false,"_monsterinsights_skip_tracking":false,"_monsterinsights_sitenote_active":false,"_monsterinsights_sitenote_note":"","_monsterinsights_sitenote_category":0,"footnotes":""},"class_list":["post-41","page","type-page","status-publish","hentry"],"jetpack_sharing_enabled":true,"_links":{"self":[{"href":"http:\/\/www.elultimo.cl\/web\/wp-json\/wp\/v2\/pages\/41","targetHints":{"allow":["GET"]}}],"collection":[{"href":"http:\/\/www.elultimo.cl\/web\/wp-json\/wp\/v2\/pages"}],"about":[{"href":"http:\/\/www.elultimo.cl\/web\/wp-json\/wp\/v2\/types\/page"}],"author":[{"embeddable":true,"href":"http:\/\/www.elultimo.cl\/web\/wp-json\/wp\/v2\/users\/1"}],"replies":[{"embeddable":true,"href":"http:\/\/www.elultimo.cl\/web\/wp-json\/wp\/v2\/comments?post=41"}],"version-history":[{"count":4,"href":"http:\/\/www.elultimo.cl\/web\/wp-json\/wp\/v2\/pages\/41\/revisions"}],"predecessor-version":[{"id":327,"href":"http:\/\/www.elultimo.cl\/web\/wp-json\/wp\/v2\/pages\/41\/revisions\/327"}],"wp:attachment":[{"href":"http:\/\/www.elultimo.cl\/web\/wp-json\/wp\/v2\/media?parent=41"}],"curies":[{"name":"wp","href":"https:\/\/api.w.org\/{rel}","templated":true}]}}