{"id":39,"date":"2018-07-18T16:34:38","date_gmt":"2018-07-18T16:34:38","guid":{"rendered":"http:\/\/www.elultimo.cl\/web\/?page_id=39"},"modified":"2023-05-04T19:20:56","modified_gmt":"2023-05-04T19:20:56","slug":"about-acerca-de","status":"publish","type":"page","link":"http:\/\/www.elultimo.cl\/web\/about-acerca-de\/","title":{"rendered":"EL FILM"},"content":{"rendered":"<p>[et_pb_section fb_built=&#8221;1&#8243; fullwidth=&#8221;on&#8221; _builder_version=&#8221;4.16&#8243; global_colors_info=&#8221;{}&#8221;][et_pb_fullwidth_image src=&#8221;http:\/\/www.elultimo.cl\/web\/wp-content\/uploads\/2018\/07\/elultimo_homeImg_001-1.jpg&#8221; _builder_version=&#8221;4.16&#8243; global_colors_info=&#8221;{}&#8221;][\/et_pb_fullwidth_image][\/et_pb_section][et_pb_section fb_built=&#8221;1&#8243; _builder_version=&#8221;4.16&#8243; background_color=&#8221;#191919&#8243; custom_padding=&#8221;0|0px|54px|0px|false|false&#8221; global_colors_info=&#8221;{}&#8221;][et_pb_row _builder_version=&#8221;4.16&#8243; global_colors_info=&#8221;{}&#8221;][et_pb_column type=&#8221;4_4&#8243; _builder_version=&#8221;4.16&#8243; custom_padding=&#8221;|||&#8221; global_colors_info=&#8221;{}&#8221; custom_padding__hover=&#8221;|||&#8221;][et_pb_text _builder_version=&#8221;4.16&#8243; inline_fonts=&#8221;Roboto,Overpass&#8221; global_colors_info=&#8221;{}&#8221;]<\/p>\n<h1><span style=\"color: #e8e8e8; font-weight: normal;\"><strong>STORYLINE<\/strong><\/span><\/h1>\n<h3><span style=\"font-family: inherit;\"><span style=\"font-size: medium; color: #cecece;\"><em>Santiago, Chile, 8 de agosto, 2056. <\/em>Un anciano portero, y el \u00fanico humano que queda trabajando en un lujoso hotel, es reemplazado por un eficiente robot. Al perder su puesto, al cual le ha dedicado sus \u00faltimos 40 a\u00f1os, pierde tambi\u00e9n su elegante traje con el que caminaba orgulloso por la ciudad. Angustiado, sumergido en una profunda crisis existencial, crea un plan para recuperar su atuendo y su dignidad. <\/span><span style=\"font-size: medium;\">\u00bfQu\u00e9 pasa cuando una persona, que se ha construido a partir de su trabajo, es reemplazada por un robot, alguien imposible de superar? <strong><em>El \u00daltimo<\/em><\/strong> pone en tensi\u00f3n nuestra creciente relaci\u00f3n con las m\u00e1quinas y la inteligencia artificial, la cual paradojalmente nos lleva a preguntarnos sobre el sentido de la vida y de lo humano.<\/span><\/span><\/h3>\n<p>[\/et_pb_text][\/et_pb_column][\/et_pb_row][et_pb_row column_structure=&#8221;1_2,1_2&#8243; _builder_version=&#8221;4.16&#8243; global_colors_info=&#8221;{}&#8221;][et_pb_column type=&#8221;1_2&#8243; _builder_version=&#8221;4.16&#8243; custom_padding=&#8221;|||&#8221; global_colors_info=&#8221;{}&#8221; custom_padding__hover=&#8221;|||&#8221;][et_pb_image src=&#8221;http:\/\/www.elultimo.cl\/web\/wp-content\/uploads\/2018\/07\/viejoStory.jpg&#8221; title_text=&#8221;viejoStory&#8221; align_tablet=&#8221;center&#8221; align_phone=&#8221;center&#8221; align_last_edited=&#8221;on|desktop&#8221; _builder_version=&#8221;4.16&#8243; global_colors_info=&#8221;{}&#8221;][\/et_pb_image][\/et_pb_column][et_pb_column type=&#8221;1_2&#8243; _builder_version=&#8221;4.16&#8243; custom_padding=&#8221;|||&#8221; global_colors_info=&#8221;{}&#8221; custom_padding__hover=&#8221;|||&#8221;][et_pb_image src=&#8221;http:\/\/www.elultimo.cl\/web\/wp-content\/uploads\/2018\/07\/viejoSinopsis.jpg&#8221; title_text=&#8221;viejoSinopsis&#8221; align_tablet=&#8221;center&#8221; align_phone=&#8221;center&#8221; align_last_edited=&#8221;on|desktop&#8221; _builder_version=&#8221;4.16&#8243; global_colors_info=&#8221;{}&#8221;][\/et_pb_image][\/et_pb_column][\/et_pb_row][et_pb_row _builder_version=&#8221;4.16&#8243; global_colors_info=&#8221;{}&#8221;][et_pb_column type=&#8221;4_4&#8243; _builder_version=&#8221;4.16&#8243; custom_padding=&#8221;|||&#8221; global_colors_info=&#8221;{}&#8221; custom_padding__hover=&#8221;|||&#8221;][et_pb_text _builder_version=&#8221;4.16&#8243; global_colors_info=&#8221;{}&#8221;]<\/p>\n<h1><span style=\"color: #e8e8e8;\"><strong>SINOPSIS ARGUMENTAL<\/strong><\/span><\/h1>\n<p><span style=\"font-family: Overpass; color: #cecece;\"><i>El \u00daltimo<\/i>, es un cortometraje que transcurre en el a\u00f1o 2056. En un lujoso hotel, el anciano portero que ha forjado su imagen social en relaci\u00f3n al elegante traje que viste, es reemplazado inesperadamente por un eficiente robot, perdiendo su trabajo y el estatus que le daba su vestimenta.<\/span><\/p>\n<p><span style=\"font-family: Overpass; color: #cecece;\">El cambio de paradigma que trae la inclusi\u00f3n de las tecnolog\u00edas a nuestras vidas nos plantea parad\u00f3jicamente desaf\u00edos que son cada vez m\u00e1s humanos, que hablan de la construcci\u00f3n de sociedad que estamos creando. \u00bfQu\u00e9 pasa cuando una persona, que ha construido su identidad a partir de su trabajo, su traje y su imagen social, es reemplazado por un robot, alguien imposible de superar?<\/span><\/p>\n<p><span style=\"font-family: Overpass; color: #cecece;\"><i>El \u00daltimo <\/i>destaca las relaciones humanas presentes en la vida de un viejo portero de hotel, para a trav\u00e9s de su protagonista, empatizar con las emociones que los robots a\u00fan no entienden. \u00c9stas tem\u00e1ticas comunes de la ciencia ficci\u00f3n son ejes esenciales de las reflexiones de la pel\u00edcula, porque lo que vive el personaje central es com\u00fan a muchas otras historias que est\u00e1n sucediendo hoy en el mundo con la irrupci\u00f3n cada vez m\u00e1s com\u00fan de la inteligencia artificial en nuestras vidas.<\/span><\/p>\n<p><span style=\"font-family: Overpass; color: #cecece;\">La ciencia ficci\u00f3n nos permite contar historias que se proyectan al futuro pero que nos hablan de contenidos actuales. <i>El \u00daltimo<\/i> es un cortometraje que sucede en una ciudad compleja como Santiago, como hay muchas en el mundo. De esta forma, la ubicaci\u00f3n geogr\u00e1fica se transforma en un aspecto que potencia la universalidad de sus audiencias, por tratarse de una metr\u00f3polis que guarda similitudes con otros lugares donde podr\u00eda acontecer esta historia: Buenos Aires, Ciudad de M\u00e9xico, Atenas, Johannesburgo o Delhi, que, comparten problem\u00e1ticas de transporte, vivienda, inmigraci\u00f3n y pobreza (entre otras), al mismo tiempo que transan con la acelerada inclusi\u00f3n de la tecnolog\u00eda en sus sociedades.<\/span><\/p>\n<p><span style=\"font-family: Overpass; color: #cecece;\">Las tem\u00e1ticas del cortometraje <i>El \u00daltimo<\/i> residen en los aspectos m\u00e1s trascendentes del ser humano en sociedad: la pregunta de inicios de la revoluci\u00f3n industrial sigue siendo la misma y nos plantea la soledad a la que se enfrenta una persona ante la maquinaria de la modernidad, al estar su identidad medida por lo que hace y no por qui\u00e9n es. Gran parte de los 7 mil millones de personas que habitamos el mundo, estamos insertos en un modelo de desarrollo que prescinde de las personas en favor de la eficiencia y las leyes del mercado. \u00bfQui\u00e9nes somos enfrentados a una nueva tecnolog\u00eda que reemplaza nuestro puesto de trabajo?\u00bfEn qu\u00e9 nos diferenciamos de un robot?\u00bfC\u00f3mo nos afecta la automatizaci\u00f3n de nuestros h\u00e1bitos en nuestra vida cotidiana? \u00bfQu\u00e9 conforma nuestra identidad? Interrogantes atemporales y universales que son las bases argumentales del proyecto de animaci\u00f3n 3D <i>El \u00daltimo<\/i>.<\/span>[\/et_pb_text][\/et_pb_column][\/et_pb_row][\/et_pb_section]<\/p>\n","protected":false},"excerpt":{"rendered":"<p>STORYLINE Santiago, Chile, 8 de agosto, 2056. Un anciano portero, y el \u00fanico humano que queda trabajando en un lujoso hotel, es reemplazado por un eficiente robot. Al perder su puesto, al cual le ha dedicado sus \u00faltimos 40 a\u00f1os, pierde tambi\u00e9n su elegante traje con el que caminaba orgulloso por la ciudad. Angustiado, sumergido [&hellip;]<\/p>\n","protected":false},"author":1,"featured_media":0,"parent":0,"menu_order":0,"comment_status":"closed","ping_status":"closed","template":"","meta":{"nf_dc_page":"","_et_pb_use_builder":"on","_et_pb_old_content":"","_et_gb_content_width":"","om_disable_all_campaigns":false,"_monsterinsights_skip_tracking":false,"_monsterinsights_sitenote_active":false,"_monsterinsights_sitenote_note":"","_monsterinsights_sitenote_category":0,"footnotes":""},"class_list":["post-39","page","type-page","status-publish","hentry"],"jetpack_sharing_enabled":true,"_links":{"self":[{"href":"http:\/\/www.elultimo.cl\/web\/wp-json\/wp\/v2\/pages\/39","targetHints":{"allow":["GET"]}}],"collection":[{"href":"http:\/\/www.elultimo.cl\/web\/wp-json\/wp\/v2\/pages"}],"about":[{"href":"http:\/\/www.elultimo.cl\/web\/wp-json\/wp\/v2\/types\/page"}],"author":[{"embeddable":true,"href":"http:\/\/www.elultimo.cl\/web\/wp-json\/wp\/v2\/users\/1"}],"replies":[{"embeddable":true,"href":"http:\/\/www.elultimo.cl\/web\/wp-json\/wp\/v2\/comments?post=39"}],"version-history":[{"count":5,"href":"http:\/\/www.elultimo.cl\/web\/wp-json\/wp\/v2\/pages\/39\/revisions"}],"predecessor-version":[{"id":325,"href":"http:\/\/www.elultimo.cl\/web\/wp-json\/wp\/v2\/pages\/39\/revisions\/325"}],"wp:attachment":[{"href":"http:\/\/www.elultimo.cl\/web\/wp-json\/wp\/v2\/media?parent=39"}],"curies":[{"name":"wp","href":"https:\/\/api.w.org\/{rel}","templated":true}]}}